{"id":299,"date":"2025-09-04T08:06:10","date_gmt":"2025-09-04T06:06:10","guid":{"rendered":"https:\/\/panier-dor.be\/menus\/"},"modified":"2026-01-26T10:02:47","modified_gmt":"2026-01-26T09:02:47","slug":"menus","status":"publish","type":"page","link":"https:\/\/panier-dor.be\/fr\/menus\/","title":{"rendered":"Menus"},"content":{"rendered":"\t\t<div data-elementor-type=\"wp-page\" data-elementor-id=\"299\" class=\"elementor elementor-299 elementor-46\" data-elementor-post-type=\"page\">\n\t\t\t\t<div class=\"elementor-element elementor-element-bdccd16 e-flex e-con-boxed e-con e-parent\" data-id=\"bdccd16\" data-element_type=\"container\" data-e-type=\"container\" data-settings=\"{&quot;background_background&quot;:&quot;classic&quot;}\">\n\t\t\t\t\t<div class=\"e-con-inner\">\n\t\t\t\t\t<\/div>\n\t\t\t\t<\/div>\n\t\t<div class=\"elementor-element elementor-element-681f69c e-flex e-con-boxed e-con e-parent\" data-id=\"681f69c\" data-element_type=\"container\" data-e-type=\"container\">\n\t\t\t\t\t<div class=\"e-con-inner\">\n\t\t<div class=\"elementor-element elementor-element-30b0d72 e-con-full e-flex elementor-invisible e-con e-child\" data-id=\"30b0d72\" data-element_type=\"container\" data-e-type=\"container\" data-settings=\"{&quot;animation&quot;:&quot;fadeInUp&quot;}\">\n\t\t\t\t<div class=\"elementor-element elementor-element-c765bc2 elementor-widget-mobile__width-initial elementor-widget elementor-widget-heading\" data-id=\"c765bc2\" data-element_type=\"widget\" data-e-type=\"widget\" data-widget_type=\"heading.default\">\n\t\t\t\t\t<h2 class=\"elementor-heading-title elementor-size-default\">menu \u00e0 partager plats locaux (max. 2 pax)<\/h2>\t\t\t\t<\/div>\n\t\t\t\t<div class=\"elementor-element elementor-element-356a561 elementor-widget elementor-widget-heading\" data-id=\"356a561\" data-element_type=\"widget\" data-e-type=\"widget\" data-widget_type=\"heading.default\">\n\t\t\t\t\t<h3 class=\"elementor-heading-title elementor-size-default\">\u20ac 58,00<\/h3>\t\t\t\t<\/div>\n\t\t\t\t<\/div>\n\t\t\t\t<div class=\"elementor-element elementor-element-b5b590a elementor-widget elementor-widget-text-editor\" data-id=\"b5b590a\" data-element_type=\"widget\" data-e-type=\"widget\" data-widget_type=\"text-editor.default\">\n\t\t\t\t\t\t\t\t\t<p>Carbonnades Flamande, sauce \u00e0 la bi\u00e8re brune et frites<\/p><p>Vol au vent de poulet avec frites<\/p><p>Lapin, sauce \u00e0 la bi\u00e8re Abbay et frites<\/p><p>Duo de croquettes de fromage et de crevettes<\/p><p>Frites<\/p>\t\t\t\t\t\t\t\t<\/div>\n\t\t\t\t\t<\/div>\n\t\t\t\t<\/div>\n\t\t\t\t<\/div>\n\t\t","protected":false},"excerpt":{"rendered":"<p>menu \u00e0 partager plats locaux (max. 2 pax) \u20ac 58,00 Carbonnades Flamande, sauce \u00e0 la bi\u00e8re brune et frites Vol au vent de poulet avec frites Lapin, sauce \u00e0 la bi\u00e8re Abbay et frites Duo de croquettes de fromage et de crevettes Frites<\/p>\n","protected":false},"author":1,"featured_media":0,"parent":0,"menu_order":0,"comment_status":"closed","ping_status":"closed","template":"","meta":{"footnotes":""},"class_list":["post-299","page","type-page","status-publish","hentry"],"yoast_head":"<!-- This site is optimized with the Yoast SEO plugin v27.3 - https:\/\/yoast.com\/product\/yoast-seo-wordpress\/ -->\n<title>Menus du restaurant Panier D&#039;Or | Cuisine belge et fran\u00e7aise \u00e0 Bruges<\/title>\n<meta name=\"description\" content=\"D\u00e9couvrez les menus du Restaurant Panier D&#039;Or \u00e0 Bruges. Des classiques belges comme les moules et le vol-au-vent aux sp\u00e9cialit\u00e9s fran\u00e7aises raffin\u00e9es et aux luxueux plats de poisson et de viande.\" \/>\n<meta name=\"robots\" content=\"index, follow, max-snippet:-1, max-image-preview:large, max-video-preview:-1\" \/>\n<link rel=\"canonical\" href=\"https:\/\/panier-dor.be\/fr\/menus\/\" \/>\n<meta property=\"og:locale\" content=\"fr_FR\" \/>\n<meta property=\"og:type\" content=\"article\" \/>\n<meta property=\"og:title\" content=\"Menus du restaurant Panier D&#039;Or | Cuisine belge et fran\u00e7aise \u00e0 Bruges\" \/>\n<meta property=\"og:description\" content=\"D\u00e9couvrez les menus du Restaurant Panier D&#039;Or \u00e0 Bruges. Des classiques belges comme les moules et le vol-au-vent aux sp\u00e9cialit\u00e9s fran\u00e7aises raffin\u00e9es et aux luxueux plats de poisson et de viande.\" \/>\n<meta property=\"og:url\" content=\"https:\/\/panier-dor.be\/fr\/menus\/\" \/>\n<meta property=\"og:site_name\" content=\"Panier d&#039;or\" \/>\n<meta property=\"article:modified_time\" content=\"2026-01-26T09:02:47+00:00\" \/>\n<meta property=\"og:image\" content=\"https:\/\/panier-dor.be\/wp-content\/uploads\/2025\/09\/logo.png\" \/>\n\t<meta property=\"og:image:width\" content=\"400\" \/>\n\t<meta property=\"og:image:height\" content=\"106\" \/>\n\t<meta property=\"og:image:type\" content=\"image\/png\" \/>\n<meta name=\"twitter:card\" content=\"summary_large_image\" \/>\n<meta name=\"twitter:label1\" content=\"Dur\u00e9e de lecture est.\" \/>\n\t<meta name=\"twitter:data1\" content=\"1 minute\" \/>\n<script type=\"application\/ld+json\" class=\"yoast-schema-graph\">{\"@context\":\"https:\\\/\\\/schema.org\",\"@graph\":[{\"@type\":\"WebPage\",\"@id\":\"https:\\\/\\\/panier-dor.be\\\/fr\\\/menus\\\/\",\"url\":\"https:\\\/\\\/panier-dor.be\\\/fr\\\/menus\\\/\",\"name\":\"Menus du restaurant Panier D'Or | Cuisine belge et fran\u00e7aise \u00e0 Bruges\",\"isPartOf\":{\"@id\":\"https:\\\/\\\/panier-dor.be\\\/fr\\\/#website\"},\"datePublished\":\"2025-09-04T06:06:10+00:00\",\"dateModified\":\"2026-01-26T09:02:47+00:00\",\"description\":\"D\u00e9couvrez les menus du Restaurant Panier D'Or \u00e0 Bruges. Des classiques belges comme les moules et le vol-au-vent aux sp\u00e9cialit\u00e9s fran\u00e7aises raffin\u00e9es et aux luxueux plats de poisson et de viande.\",\"breadcrumb\":{\"@id\":\"https:\\\/\\\/panier-dor.be\\\/fr\\\/menus\\\/#breadcrumb\"},\"inLanguage\":\"fr-BE\",\"potentialAction\":[{\"@type\":\"ReadAction\",\"target\":[\"https:\\\/\\\/panier-dor.be\\\/fr\\\/menus\\\/\"]}]},{\"@type\":\"BreadcrumbList\",\"@id\":\"https:\\\/\\\/panier-dor.be\\\/fr\\\/menus\\\/#breadcrumb\",\"itemListElement\":[{\"@type\":\"ListItem\",\"position\":1,\"name\":\"Home\",\"item\":\"https:\\\/\\\/panier-dor.be\\\/fr\\\/\"},{\"@type\":\"ListItem\",\"position\":2,\"name\":\"Menus\"}]},{\"@type\":\"WebSite\",\"@id\":\"https:\\\/\\\/panier-dor.be\\\/fr\\\/#website\",\"url\":\"https:\\\/\\\/panier-dor.be\\\/fr\\\/\",\"name\":\"Le Panier D'Or\",\"description\":\"\",\"publisher\":{\"@id\":\"https:\\\/\\\/panier-dor.be\\\/fr\\\/#organization\"},\"potentialAction\":[{\"@type\":\"SearchAction\",\"target\":{\"@type\":\"EntryPoint\",\"urlTemplate\":\"https:\\\/\\\/panier-dor.be\\\/fr\\\/?s={search_term_string}\"},\"query-input\":{\"@type\":\"PropertyValueSpecification\",\"valueRequired\":true,\"valueName\":\"search_term_string\"}}],\"inLanguage\":\"fr-BE\"},{\"@type\":\"Organization\",\"@id\":\"https:\\\/\\\/panier-dor.be\\\/fr\\\/#organization\",\"name\":\"Le Panier D'Or\",\"url\":\"https:\\\/\\\/panier-dor.be\\\/fr\\\/\",\"logo\":{\"@type\":\"ImageObject\",\"inLanguage\":\"fr-BE\",\"@id\":\"https:\\\/\\\/panier-dor.be\\\/fr\\\/#\\\/schema\\\/logo\\\/image\\\/\",\"url\":\"https:\\\/\\\/panier-dor.be\\\/wp-content\\\/uploads\\\/2025\\\/09\\\/logo.png\",\"contentUrl\":\"https:\\\/\\\/panier-dor.be\\\/wp-content\\\/uploads\\\/2025\\\/09\\\/logo.png\",\"width\":400,\"height\":106,\"caption\":\"Le Panier D'Or\"},\"image\":{\"@id\":\"https:\\\/\\\/panier-dor.be\\\/fr\\\/#\\\/schema\\\/logo\\\/image\\\/\"}}]}<\/script>\n<!-- \/ Yoast SEO plugin. -->","yoast_head_json":{"title":"Menus du restaurant Panier D'Or | Cuisine belge et fran\u00e7aise \u00e0 Bruges","description":"D\u00e9couvrez les menus du Restaurant Panier D'Or \u00e0 Bruges. Des classiques belges comme les moules et le vol-au-vent aux sp\u00e9cialit\u00e9s fran\u00e7aises raffin\u00e9es et aux luxueux plats de poisson et de viande.","robots":{"index":"index","follow":"follow","max-snippet":"max-snippet:-1","max-image-preview":"max-image-preview:large","max-video-preview":"max-video-preview:-1"},"canonical":"https:\/\/panier-dor.be\/fr\/menus\/","og_locale":"fr_FR","og_type":"article","og_title":"Menus du restaurant Panier D'Or | Cuisine belge et fran\u00e7aise \u00e0 Bruges","og_description":"D\u00e9couvrez les menus du Restaurant Panier D'Or \u00e0 Bruges. Des classiques belges comme les moules et le vol-au-vent aux sp\u00e9cialit\u00e9s fran\u00e7aises raffin\u00e9es et aux luxueux plats de poisson et de viande.","og_url":"https:\/\/panier-dor.be\/fr\/menus\/","og_site_name":"Panier d&#039;or","article_modified_time":"2026-01-26T09:02:47+00:00","og_image":[{"width":400,"height":106,"url":"https:\/\/panier-dor.be\/wp-content\/uploads\/2025\/09\/logo.png","type":"image\/png"}],"twitter_card":"summary_large_image","twitter_misc":{"Dur\u00e9e de lecture est.":"1 minute"},"schema":{"@context":"https:\/\/schema.org","@graph":[{"@type":"WebPage","@id":"https:\/\/panier-dor.be\/fr\/menus\/","url":"https:\/\/panier-dor.be\/fr\/menus\/","name":"Menus du restaurant Panier D'Or | Cuisine belge et fran\u00e7aise \u00e0 Bruges","isPartOf":{"@id":"https:\/\/panier-dor.be\/fr\/#website"},"datePublished":"2025-09-04T06:06:10+00:00","dateModified":"2026-01-26T09:02:47+00:00","description":"D\u00e9couvrez les menus du Restaurant Panier D'Or \u00e0 Bruges. Des classiques belges comme les moules et le vol-au-vent aux sp\u00e9cialit\u00e9s fran\u00e7aises raffin\u00e9es et aux luxueux plats de poisson et de viande.","breadcrumb":{"@id":"https:\/\/panier-dor.be\/fr\/menus\/#breadcrumb"},"inLanguage":"fr-BE","potentialAction":[{"@type":"ReadAction","target":["https:\/\/panier-dor.be\/fr\/menus\/"]}]},{"@type":"BreadcrumbList","@id":"https:\/\/panier-dor.be\/fr\/menus\/#breadcrumb","itemListElement":[{"@type":"ListItem","position":1,"name":"Home","item":"https:\/\/panier-dor.be\/fr\/"},{"@type":"ListItem","position":2,"name":"Menus"}]},{"@type":"WebSite","@id":"https:\/\/panier-dor.be\/fr\/#website","url":"https:\/\/panier-dor.be\/fr\/","name":"Le Panier D'Or","description":"","publisher":{"@id":"https:\/\/panier-dor.be\/fr\/#organization"},"potentialAction":[{"@type":"SearchAction","target":{"@type":"EntryPoint","urlTemplate":"https:\/\/panier-dor.be\/fr\/?s={search_term_string}"},"query-input":{"@type":"PropertyValueSpecification","valueRequired":true,"valueName":"search_term_string"}}],"inLanguage":"fr-BE"},{"@type":"Organization","@id":"https:\/\/panier-dor.be\/fr\/#organization","name":"Le Panier D'Or","url":"https:\/\/panier-dor.be\/fr\/","logo":{"@type":"ImageObject","inLanguage":"fr-BE","@id":"https:\/\/panier-dor.be\/fr\/#\/schema\/logo\/image\/","url":"https:\/\/panier-dor.be\/wp-content\/uploads\/2025\/09\/logo.png","contentUrl":"https:\/\/panier-dor.be\/wp-content\/uploads\/2025\/09\/logo.png","width":400,"height":106,"caption":"Le Panier D'Or"},"image":{"@id":"https:\/\/panier-dor.be\/fr\/#\/schema\/logo\/image\/"}}]}},"_links":{"self":[{"href":"https:\/\/panier-dor.be\/fr\/wp-json\/wp\/v2\/pages\/299","targetHints":{"allow":["GET"]}}],"collection":[{"href":"https:\/\/panier-dor.be\/fr\/wp-json\/wp\/v2\/pages"}],"about":[{"href":"https:\/\/panier-dor.be\/fr\/wp-json\/wp\/v2\/types\/page"}],"author":[{"embeddable":true,"href":"https:\/\/panier-dor.be\/fr\/wp-json\/wp\/v2\/users\/1"}],"replies":[{"embeddable":true,"href":"https:\/\/panier-dor.be\/fr\/wp-json\/wp\/v2\/comments?post=299"}],"version-history":[{"count":4,"href":"https:\/\/panier-dor.be\/fr\/wp-json\/wp\/v2\/pages\/299\/revisions"}],"predecessor-version":[{"id":431,"href":"https:\/\/panier-dor.be\/fr\/wp-json\/wp\/v2\/pages\/299\/revisions\/431"}],"wp:attachment":[{"href":"https:\/\/panier-dor.be\/fr\/wp-json\/wp\/v2\/media?parent=299"}],"curies":[{"name":"wp","href":"https:\/\/api.w.org\/{rel}","templated":true}]}}