{"id":303,"date":"2025-09-04T08:06:31","date_gmt":"2025-09-04T06:06:31","guid":{"rendered":"https:\/\/panier-dor.be\/groupes\/"},"modified":"2025-09-25T07:24:54","modified_gmt":"2025-09-25T05:24:54","slug":"groupes","status":"publish","type":"page","link":"https:\/\/panier-dor.be\/fr\/groupes\/","title":{"rendered":"Groupes"},"content":{"rendered":"\t\t<div data-elementor-type=\"wp-page\" data-elementor-id=\"303\" class=\"elementor elementor-303 elementor-50\" data-elementor-post-type=\"page\">\n\t\t\t\t<div class=\"elementor-element elementor-element-ffe5389 e-flex e-con-boxed e-con e-parent\" data-id=\"ffe5389\" data-element_type=\"container\" data-e-type=\"container\" data-settings=\"{&quot;background_background&quot;:&quot;classic&quot;}\">\n\t\t\t\t\t<div class=\"e-con-inner\">\n\t\t\t\t\t<\/div>\n\t\t\t\t<\/div>\n\t\t<div class=\"elementor-element elementor-element-f9a656b e-flex e-con-boxed e-con e-parent\" data-id=\"f9a656b\" data-element_type=\"container\" data-e-type=\"container\">\n\t\t\t\t\t<div class=\"e-con-inner\">\n\t\t<div class=\"elementor-element elementor-element-94b9fa8 e-con-full e-flex elementor-invisible e-con e-child\" data-id=\"94b9fa8\" data-element_type=\"container\" data-e-type=\"container\" data-settings=\"{&quot;animation&quot;:&quot;fadeInUp&quot;}\">\n\t\t\t\t<div class=\"elementor-element elementor-element-ddb0ea1 elementor-widget__width-initial elementor-widget elementor-widget-heading\" data-id=\"ddb0ea1\" data-element_type=\"widget\" data-e-type=\"widget\" data-widget_type=\"heading.default\">\n\t\t\t\t\t<h2 class=\"elementor-heading-title elementor-size-default\">Vous recherchez un <span class=\"color-swap\">lieu unique<\/span> au c\u0153ur de Bruges pour votre groupe ou votre \u00e9v\u00e9nement ?<\/h2>\t\t\t\t<\/div>\n\t\t\t\t<div class=\"elementor-element elementor-element-437ae8f elementor-widget__width-initial elementor-widget elementor-widget-text-editor\" data-id=\"437ae8f\" data-element_type=\"widget\" data-e-type=\"widget\" data-widget_type=\"text-editor.default\">\n\t\t\t\t\t\t\t\t\t<p>Le Panier d\u2019Or met \u00e0 votre disposition une vaste salle conviviale, situ\u00e9e \u00e0 l\u2019\u00e9tage de notre restaurant, sp\u00e9cialement am\u00e9nag\u00e9e pour accueillir des groupes et \u00e9v\u00e9nements.<\/p>\n\t\t\t\t\t\t\t\t<\/div>\n\t\t\t\t<\/div>\n\t\t\t\t\t<\/div>\n\t\t\t\t<\/div>\n\t\t<div class=\"elementor-element elementor-element-7aa1949 e-flex e-con-boxed e-con e-parent\" data-id=\"7aa1949\" data-element_type=\"container\" data-e-type=\"container\" data-settings=\"{&quot;background_background&quot;:&quot;classic&quot;}\">\n\t\t\t\t\t<div class=\"e-con-inner\">\n\t\t<div class=\"elementor-element elementor-element-4ead122 e-con-full e-flex elementor-invisible e-con e-child\" data-id=\"4ead122\" data-element_type=\"container\" data-e-type=\"container\" data-settings=\"{&quot;animation&quot;:&quot;fadeIn&quot;,&quot;animation_delay&quot;:300}\">\n\t\t\t\t<div class=\"elementor-element elementor-element-0605497 elementor-widget elementor-widget-image\" data-id=\"0605497\" data-element_type=\"widget\" data-e-type=\"widget\" data-widget_type=\"image.default\">\n\t\t\t\t\t\t\t\t\t\t\t\t\t\t\t<img fetchpriority=\"high\" decoding=\"async\" width=\"800\" height=\"534\" src=\"https:\/\/panier-dor.be\/wp-content\/uploads\/2025\/09\/panier-dor-1-1024x683.jpg\" class=\"attachment-large size-large wp-image-301\" alt=\"\" srcset=\"https:\/\/panier-dor.be\/wp-content\/uploads\/2025\/09\/panier-dor-1-1024x683.jpg 1024w, https:\/\/panier-dor.be\/wp-content\/uploads\/2025\/09\/panier-dor-1-300x200.jpg 300w, https:\/\/panier-dor.be\/wp-content\/uploads\/2025\/09\/panier-dor-1-768x512.jpg 768w, https:\/\/panier-dor.be\/wp-content\/uploads\/2025\/09\/panier-dor-1.jpg 1500w\" sizes=\"(max-width: 800px) 100vw, 800px\" \/>\t\t\t\t\t\t\t\t\t\t\t\t\t\t\t<\/div>\n\t\t\t\t<div class=\"elementor-element elementor-element-2916e45 elementor-widget elementor-widget-image\" data-id=\"2916e45\" data-element_type=\"widget\" data-e-type=\"widget\" data-widget_type=\"image.default\">\n\t\t\t\t\t\t\t\t\t\t\t\t\t\t\t<img decoding=\"async\" width=\"800\" height=\"534\" src=\"https:\/\/panier-dor.be\/wp-content\/uploads\/2025\/09\/panier-dor-26-1024x683.jpg\" class=\"attachment-large size-large wp-image-302\" alt=\"\" srcset=\"https:\/\/panier-dor.be\/wp-content\/uploads\/2025\/09\/panier-dor-26-1024x683.jpg 1024w, https:\/\/panier-dor.be\/wp-content\/uploads\/2025\/09\/panier-dor-26-300x200.jpg 300w, https:\/\/panier-dor.be\/wp-content\/uploads\/2025\/09\/panier-dor-26-768x512.jpg 768w, https:\/\/panier-dor.be\/wp-content\/uploads\/2025\/09\/panier-dor-26-1536x1024.jpg 1536w, https:\/\/panier-dor.be\/wp-content\/uploads\/2025\/09\/panier-dor-26.jpg 1800w\" sizes=\"(max-width: 800px) 100vw, 800px\" \/>\t\t\t\t\t\t\t\t\t\t\t\t\t\t\t<\/div>\n\t\t\t\t<\/div>\n\t\t<div class=\"elementor-element elementor-element-4d8ac4f e-con-full e-flex elementor-invisible e-con e-child\" data-id=\"4d8ac4f\" data-element_type=\"container\" data-e-type=\"container\" data-settings=\"{&quot;animation&quot;:&quot;fadeInUp&quot;}\">\n\t\t\t\t<div class=\"elementor-element elementor-element-17ec2fa elementor-widget elementor-widget-heading\" data-id=\"17ec2fa\" data-element_type=\"widget\" data-e-type=\"widget\" data-widget_type=\"heading.default\">\n\t\t\t\t\t<h2 class=\"elementor-heading-title elementor-size-default\">Le cadre id\u00e9al \u00e0 <span class=\"color-swap\">Bruges<\/span><\/h2>\t\t\t\t<\/div>\n\t\t\t\t<div class=\"elementor-element elementor-element-38af9fa elementor-widget-divider--view-line elementor-widget elementor-widget-divider\" data-id=\"38af9fa\" data-element_type=\"widget\" data-e-type=\"widget\" data-widget_type=\"divider.default\">\n\t\t\t\t\t\t\t<div class=\"elementor-divider\">\n\t\t\t<span class=\"elementor-divider-separator\">\n\t\t\t\t\t\t<\/span>\n\t\t<\/div>\n\t\t\t\t\t\t<\/div>\n\t\t\t\t<div class=\"elementor-element elementor-element-873f199 elementor-widget elementor-widget-text-editor\" data-id=\"873f199\" data-element_type=\"widget\" data-e-type=\"widget\" data-widget_type=\"text-editor.default\">\n\t\t\t\t\t\t\t\t\t<p>Notre salle peut recevoir jusqu\u2019\u00e0 150 personnes, dans un d\u00e9cor \u00e0 la fois chaleureux et confortable. Nous proposons des menus adapt\u00e9s \u00e0 vos envies : de la cuisine flamande classique aux formules vari\u00e9es, dans diff\u00e9rentes gammes de prix.<\/p>\n<p>Que ce soit pour une f\u00eate de famille, une sortie d\u2019entreprise, un d\u00eener associatif ou une r\u00e9union entre amis, Le Panier d\u2019Or est l\u2019endroit id\u00e9al dans le centre historique de Bruges.<\/p>\n\t\t\t\t\t\t\t\t<\/div>\n\t\t\t\t<div class=\"elementor-element elementor-element-ecdd9d1 elementor-widget-divider--view-line elementor-widget elementor-widget-divider\" data-id=\"ecdd9d1\" data-element_type=\"widget\" data-e-type=\"widget\" data-widget_type=\"divider.default\">\n\t\t\t\t\t\t\t<div class=\"elementor-divider\">\n\t\t\t<span class=\"elementor-divider-separator\">\n\t\t\t\t\t\t<\/span>\n\t\t<\/div>\n\t\t\t\t\t\t<\/div>\n\t\t\t\t<div class=\"elementor-element elementor-element-175f1b1 elementor-widget elementor-widget-text-editor\" data-id=\"175f1b1\" data-element_type=\"widget\" data-e-type=\"widget\" data-widget_type=\"text-editor.default\">\n\t\t\t\t\t\t\t\t\t<p>Pour toute information ou r\u00e9servation, contactez-nous par <a href=\"tel:0032472316200\">t\u00e9l\u00e9phone<\/a> ou par e-<a href=\"mailto:info@panierdor.be\">mail<\/a>.<\/p>\n\t\t\t\t\t\t\t\t<\/div>\n\t\t\t\t<\/div>\n\t\t\t\t\t<\/div>\n\t\t\t\t<\/div>\n\t\t<div class=\"elementor-element elementor-element-b464b2c e-flex e-con-boxed e-con e-parent\" data-id=\"b464b2c\" data-element_type=\"container\" data-e-type=\"container\" data-settings=\"{&quot;background_background&quot;:&quot;classic&quot;}\">\n\t\t\t\t\t<div class=\"e-con-inner\">\n\t\t<div class=\"elementor-element elementor-element-ecf946d e-con-full e-flex elementor-invisible e-con e-child\" data-id=\"ecf946d\" data-element_type=\"container\" data-e-type=\"container\" data-settings=\"{&quot;animation&quot;:&quot;fadeInUp&quot;}\">\n\t\t\t\t<div class=\"elementor-element elementor-element-ae7bedd elementor-widget__width-initial elementor-widget elementor-widget-heading\" data-id=\"ae7bedd\" data-element_type=\"widget\" data-e-type=\"widget\" data-widget_type=\"heading.default\">\n\t\t\t\t\t<h2 class=\"elementor-heading-title elementor-size-default\">Notre \u00e9quipe se fera un plaisir de rendre votre \u00e9v\u00e9nement inoubliable.<\/h2>\t\t\t\t<\/div>\n\t\t\t\t<div class=\"elementor-element elementor-element-29d756e elementor-align-center elementor-widget elementor-widget-button\" data-id=\"29d756e\" data-element_type=\"widget\" data-e-type=\"widget\" data-widget_type=\"button.default\">\n\t\t\t\t\t\t\t\t\t\t<a class=\"elementor-button elementor-button-link elementor-size-sm\" href=\"https:\/\/panier-dor.be\/fr\/contact\/\">\n\t\t\t\t\t\t<span class=\"elementor-button-content-wrapper\">\n\t\t\t\t\t\t\t\t\t<span class=\"elementor-button-text\">Je souhaite plus d\u2019informations<\/span>\n\t\t\t\t\t<\/span>\n\t\t\t\t\t<\/a>\n\t\t\t\t\t\t\t\t<\/div>\n\t\t\t\t<\/div>\n\t\t\t\t\t<\/div>\n\t\t\t\t<\/div>\n\t\t\t\t<\/div>\n\t\t","protected":false},"excerpt":{"rendered":"<p>Vous recherchez un lieu unique au c\u0153ur de Bruges pour votre groupe ou votre \u00e9v\u00e9nement ? Le Panier d\u2019Or met \u00e0 votre disposition une vaste salle conviviale, situ\u00e9e \u00e0 l\u2019\u00e9tage de notre restaurant, sp\u00e9cialement am\u00e9nag\u00e9e pour accueillir des groupes et \u00e9v\u00e9nements. Le cadre id\u00e9al \u00e0 Bruges Notre salle peut recevoir jusqu\u2019\u00e0 150 personnes, dans un [&hellip;]<\/p>\n","protected":false},"author":1,"featured_media":0,"parent":0,"menu_order":0,"comment_status":"closed","ping_status":"closed","template":"","meta":{"footnotes":""},"class_list":["post-303","page","type-page","status-publish","hentry"],"yoast_head":"<!-- This site is optimized with the Yoast SEO plugin v27.3 - https:\/\/yoast.com\/product\/yoast-seo-wordpress\/ -->\n<title>D\u00eeners de groupe \u00e0 Bruges | \u00c9v\u00e9nements sp\u00e9ciaux au Panier D&#039;Or<\/title>\n<meta name=\"description\" content=\"Vous cherchez un lieu unique pour un d\u00eener de groupe ou un \u00e9v\u00e9nement \u00e0 Bruges ? Notre salle chaleureuse peut accueillir jusqu&#039;\u00e0 150 personnes. Id\u00e9al pour les f\u00eates de famille, les sorties d&#039;entreprise et les d\u00eeners d&#039;association.\" \/>\n<meta name=\"robots\" content=\"index, follow, max-snippet:-1, max-image-preview:large, max-video-preview:-1\" \/>\n<link rel=\"canonical\" href=\"https:\/\/panier-dor.be\/fr\/groupes\/\" \/>\n<meta property=\"og:locale\" content=\"fr_FR\" \/>\n<meta property=\"og:type\" content=\"article\" \/>\n<meta property=\"og:title\" content=\"D\u00eeners de groupe \u00e0 Bruges | \u00c9v\u00e9nements sp\u00e9ciaux au Panier D&#039;Or\" \/>\n<meta property=\"og:description\" content=\"Vous cherchez un lieu unique pour un d\u00eener de groupe ou un \u00e9v\u00e9nement \u00e0 Bruges ? Notre salle chaleureuse peut accueillir jusqu&#039;\u00e0 150 personnes. Id\u00e9al pour les f\u00eates de famille, les sorties d&#039;entreprise et les d\u00eeners d&#039;association.\" \/>\n<meta property=\"og:url\" content=\"https:\/\/panier-dor.be\/fr\/groupes\/\" \/>\n<meta property=\"og:site_name\" content=\"Panier d&#039;or\" \/>\n<meta property=\"article:modified_time\" content=\"2025-09-25T05:24:54+00:00\" \/>\n<meta property=\"og:image\" content=\"https:\/\/panier-dor.be\/wp-content\/uploads\/2025\/09\/panier-dor-1.jpg\" \/>\n\t<meta property=\"og:image:width\" content=\"1500\" \/>\n\t<meta property=\"og:image:height\" content=\"1000\" \/>\n\t<meta property=\"og:image:type\" content=\"image\/jpeg\" \/>\n<meta name=\"twitter:card\" content=\"summary_large_image\" \/>\n<meta name=\"twitter:label1\" content=\"Dur\u00e9e de lecture est.\" \/>\n\t<meta name=\"twitter:data1\" content=\"1 minute\" \/>\n<script type=\"application\/ld+json\" class=\"yoast-schema-graph\">{\"@context\":\"https:\\\/\\\/schema.org\",\"@graph\":[{\"@type\":\"WebPage\",\"@id\":\"https:\\\/\\\/panier-dor.be\\\/fr\\\/groupes\\\/\",\"url\":\"https:\\\/\\\/panier-dor.be\\\/fr\\\/groupes\\\/\",\"name\":\"D\u00eeners de groupe \u00e0 Bruges | \u00c9v\u00e9nements sp\u00e9ciaux au Panier D'Or\",\"isPartOf\":{\"@id\":\"https:\\\/\\\/panier-dor.be\\\/fr\\\/#website\"},\"primaryImageOfPage\":{\"@id\":\"https:\\\/\\\/panier-dor.be\\\/fr\\\/groupes\\\/#primaryimage\"},\"image\":{\"@id\":\"https:\\\/\\\/panier-dor.be\\\/fr\\\/groupes\\\/#primaryimage\"},\"thumbnailUrl\":\"https:\\\/\\\/panier-dor.be\\\/wp-content\\\/uploads\\\/2025\\\/09\\\/panier-dor-1-1024x683.jpg\",\"datePublished\":\"2025-09-04T06:06:31+00:00\",\"dateModified\":\"2025-09-25T05:24:54+00:00\",\"description\":\"Vous cherchez un lieu unique pour un d\u00eener de groupe ou un \u00e9v\u00e9nement \u00e0 Bruges ? Notre salle chaleureuse peut accueillir jusqu'\u00e0 150 personnes. Id\u00e9al pour les f\u00eates de famille, les sorties d'entreprise et les d\u00eeners d'association.\",\"breadcrumb\":{\"@id\":\"https:\\\/\\\/panier-dor.be\\\/fr\\\/groupes\\\/#breadcrumb\"},\"inLanguage\":\"fr-BE\",\"potentialAction\":[{\"@type\":\"ReadAction\",\"target\":[\"https:\\\/\\\/panier-dor.be\\\/fr\\\/groupes\\\/\"]}]},{\"@type\":\"ImageObject\",\"inLanguage\":\"fr-BE\",\"@id\":\"https:\\\/\\\/panier-dor.be\\\/fr\\\/groupes\\\/#primaryimage\",\"url\":\"https:\\\/\\\/panier-dor.be\\\/wp-content\\\/uploads\\\/2025\\\/09\\\/panier-dor-1-1024x683.jpg\",\"contentUrl\":\"https:\\\/\\\/panier-dor.be\\\/wp-content\\\/uploads\\\/2025\\\/09\\\/panier-dor-1-1024x683.jpg\"},{\"@type\":\"BreadcrumbList\",\"@id\":\"https:\\\/\\\/panier-dor.be\\\/fr\\\/groupes\\\/#breadcrumb\",\"itemListElement\":[{\"@type\":\"ListItem\",\"position\":1,\"name\":\"Home\",\"item\":\"https:\\\/\\\/panier-dor.be\\\/fr\\\/\"},{\"@type\":\"ListItem\",\"position\":2,\"name\":\"Groupes\"}]},{\"@type\":\"WebSite\",\"@id\":\"https:\\\/\\\/panier-dor.be\\\/fr\\\/#website\",\"url\":\"https:\\\/\\\/panier-dor.be\\\/fr\\\/\",\"name\":\"Le Panier D'Or\",\"description\":\"\",\"publisher\":{\"@id\":\"https:\\\/\\\/panier-dor.be\\\/fr\\\/#organization\"},\"potentialAction\":[{\"@type\":\"SearchAction\",\"target\":{\"@type\":\"EntryPoint\",\"urlTemplate\":\"https:\\\/\\\/panier-dor.be\\\/fr\\\/?s={search_term_string}\"},\"query-input\":{\"@type\":\"PropertyValueSpecification\",\"valueRequired\":true,\"valueName\":\"search_term_string\"}}],\"inLanguage\":\"fr-BE\"},{\"@type\":\"Organization\",\"@id\":\"https:\\\/\\\/panier-dor.be\\\/fr\\\/#organization\",\"name\":\"Le Panier D'Or\",\"url\":\"https:\\\/\\\/panier-dor.be\\\/fr\\\/\",\"logo\":{\"@type\":\"ImageObject\",\"inLanguage\":\"fr-BE\",\"@id\":\"https:\\\/\\\/panier-dor.be\\\/fr\\\/#\\\/schema\\\/logo\\\/image\\\/\",\"url\":\"https:\\\/\\\/panier-dor.be\\\/wp-content\\\/uploads\\\/2025\\\/09\\\/logo.png\",\"contentUrl\":\"https:\\\/\\\/panier-dor.be\\\/wp-content\\\/uploads\\\/2025\\\/09\\\/logo.png\",\"width\":400,\"height\":106,\"caption\":\"Le Panier D'Or\"},\"image\":{\"@id\":\"https:\\\/\\\/panier-dor.be\\\/fr\\\/#\\\/schema\\\/logo\\\/image\\\/\"}}]}<\/script>\n<!-- \/ Yoast SEO plugin. -->","yoast_head_json":{"title":"D\u00eeners de groupe \u00e0 Bruges | \u00c9v\u00e9nements sp\u00e9ciaux au Panier D'Or","description":"Vous cherchez un lieu unique pour un d\u00eener de groupe ou un \u00e9v\u00e9nement \u00e0 Bruges ? Notre salle chaleureuse peut accueillir jusqu'\u00e0 150 personnes. Id\u00e9al pour les f\u00eates de famille, les sorties d'entreprise et les d\u00eeners d'association.","robots":{"index":"index","follow":"follow","max-snippet":"max-snippet:-1","max-image-preview":"max-image-preview:large","max-video-preview":"max-video-preview:-1"},"canonical":"https:\/\/panier-dor.be\/fr\/groupes\/","og_locale":"fr_FR","og_type":"article","og_title":"D\u00eeners de groupe \u00e0 Bruges | \u00c9v\u00e9nements sp\u00e9ciaux au Panier D'Or","og_description":"Vous cherchez un lieu unique pour un d\u00eener de groupe ou un \u00e9v\u00e9nement \u00e0 Bruges ? Notre salle chaleureuse peut accueillir jusqu'\u00e0 150 personnes. Id\u00e9al pour les f\u00eates de famille, les sorties d'entreprise et les d\u00eeners d'association.","og_url":"https:\/\/panier-dor.be\/fr\/groupes\/","og_site_name":"Panier d&#039;or","article_modified_time":"2025-09-25T05:24:54+00:00","og_image":[{"width":1500,"height":1000,"url":"https:\/\/panier-dor.be\/wp-content\/uploads\/2025\/09\/panier-dor-1.jpg","type":"image\/jpeg"}],"twitter_card":"summary_large_image","twitter_misc":{"Dur\u00e9e de lecture est.":"1 minute"},"schema":{"@context":"https:\/\/schema.org","@graph":[{"@type":"WebPage","@id":"https:\/\/panier-dor.be\/fr\/groupes\/","url":"https:\/\/panier-dor.be\/fr\/groupes\/","name":"D\u00eeners de groupe \u00e0 Bruges | \u00c9v\u00e9nements sp\u00e9ciaux au Panier D'Or","isPartOf":{"@id":"https:\/\/panier-dor.be\/fr\/#website"},"primaryImageOfPage":{"@id":"https:\/\/panier-dor.be\/fr\/groupes\/#primaryimage"},"image":{"@id":"https:\/\/panier-dor.be\/fr\/groupes\/#primaryimage"},"thumbnailUrl":"https:\/\/panier-dor.be\/wp-content\/uploads\/2025\/09\/panier-dor-1-1024x683.jpg","datePublished":"2025-09-04T06:06:31+00:00","dateModified":"2025-09-25T05:24:54+00:00","description":"Vous cherchez un lieu unique pour un d\u00eener de groupe ou un \u00e9v\u00e9nement \u00e0 Bruges ? Notre salle chaleureuse peut accueillir jusqu'\u00e0 150 personnes. Id\u00e9al pour les f\u00eates de famille, les sorties d'entreprise et les d\u00eeners d'association.","breadcrumb":{"@id":"https:\/\/panier-dor.be\/fr\/groupes\/#breadcrumb"},"inLanguage":"fr-BE","potentialAction":[{"@type":"ReadAction","target":["https:\/\/panier-dor.be\/fr\/groupes\/"]}]},{"@type":"ImageObject","inLanguage":"fr-BE","@id":"https:\/\/panier-dor.be\/fr\/groupes\/#primaryimage","url":"https:\/\/panier-dor.be\/wp-content\/uploads\/2025\/09\/panier-dor-1-1024x683.jpg","contentUrl":"https:\/\/panier-dor.be\/wp-content\/uploads\/2025\/09\/panier-dor-1-1024x683.jpg"},{"@type":"BreadcrumbList","@id":"https:\/\/panier-dor.be\/fr\/groupes\/#breadcrumb","itemListElement":[{"@type":"ListItem","position":1,"name":"Home","item":"https:\/\/panier-dor.be\/fr\/"},{"@type":"ListItem","position":2,"name":"Groupes"}]},{"@type":"WebSite","@id":"https:\/\/panier-dor.be\/fr\/#website","url":"https:\/\/panier-dor.be\/fr\/","name":"Le Panier D'Or","description":"","publisher":{"@id":"https:\/\/panier-dor.be\/fr\/#organization"},"potentialAction":[{"@type":"SearchAction","target":{"@type":"EntryPoint","urlTemplate":"https:\/\/panier-dor.be\/fr\/?s={search_term_string}"},"query-input":{"@type":"PropertyValueSpecification","valueRequired":true,"valueName":"search_term_string"}}],"inLanguage":"fr-BE"},{"@type":"Organization","@id":"https:\/\/panier-dor.be\/fr\/#organization","name":"Le Panier D'Or","url":"https:\/\/panier-dor.be\/fr\/","logo":{"@type":"ImageObject","inLanguage":"fr-BE","@id":"https:\/\/panier-dor.be\/fr\/#\/schema\/logo\/image\/","url":"https:\/\/panier-dor.be\/wp-content\/uploads\/2025\/09\/logo.png","contentUrl":"https:\/\/panier-dor.be\/wp-content\/uploads\/2025\/09\/logo.png","width":400,"height":106,"caption":"Le Panier D'Or"},"image":{"@id":"https:\/\/panier-dor.be\/fr\/#\/schema\/logo\/image\/"}}]}},"_links":{"self":[{"href":"https:\/\/panier-dor.be\/fr\/wp-json\/wp\/v2\/pages\/303","targetHints":{"allow":["GET"]}}],"collection":[{"href":"https:\/\/panier-dor.be\/fr\/wp-json\/wp\/v2\/pages"}],"about":[{"href":"https:\/\/panier-dor.be\/fr\/wp-json\/wp\/v2\/types\/page"}],"author":[{"embeddable":true,"href":"https:\/\/panier-dor.be\/fr\/wp-json\/wp\/v2\/users\/1"}],"replies":[{"embeddable":true,"href":"https:\/\/panier-dor.be\/fr\/wp-json\/wp\/v2\/comments?post=303"}],"version-history":[{"count":4,"href":"https:\/\/panier-dor.be\/fr\/wp-json\/wp\/v2\/pages\/303\/revisions"}],"predecessor-version":[{"id":412,"href":"https:\/\/panier-dor.be\/fr\/wp-json\/wp\/v2\/pages\/303\/revisions\/412"}],"wp:attachment":[{"href":"https:\/\/panier-dor.be\/fr\/wp-json\/wp\/v2\/media?parent=303"}],"curies":[{"name":"wp","href":"https:\/\/api.w.org\/{rel}","templated":true}]}}