{"id":305,"date":"2025-09-04T08:06:44","date_gmt":"2025-09-04T06:06:44","guid":{"rendered":"https:\/\/panier-dor.be\/histoire\/"},"modified":"2025-09-25T07:25:56","modified_gmt":"2025-09-25T05:25:56","slug":"histoire","status":"publish","type":"page","link":"https:\/\/panier-dor.be\/fr\/histoire\/","title":{"rendered":"Histoire"},"content":{"rendered":"\t\t<div data-elementor-type=\"wp-page\" data-elementor-id=\"305\" class=\"elementor elementor-305 elementor-52\" data-elementor-post-type=\"page\">\n\t\t\t\t<div class=\"elementor-element elementor-element-9b5fb90 e-flex e-con-boxed e-con e-parent\" data-id=\"9b5fb90\" data-element_type=\"container\" data-e-type=\"container\" data-settings=\"{&quot;background_background&quot;:&quot;classic&quot;}\">\n\t\t\t\t\t<div class=\"e-con-inner\">\n\t\t\t\t\t<\/div>\n\t\t\t\t<\/div>\n\t\t<div class=\"elementor-element elementor-element-1b26327 e-flex e-con-boxed e-con e-parent\" data-id=\"1b26327\" data-element_type=\"container\" data-e-type=\"container\">\n\t\t\t\t\t<div class=\"e-con-inner\">\n\t\t<div class=\"elementor-element elementor-element-b79af8c e-con-full e-flex elementor-invisible e-con e-child\" data-id=\"b79af8c\" data-element_type=\"container\" data-e-type=\"container\" data-settings=\"{&quot;animation&quot;:&quot;fadeIn&quot;,&quot;animation_delay&quot;:300}\">\n\t\t\t\t<div class=\"elementor-element elementor-element-951341f elementor-widget elementor-widget-image\" data-id=\"951341f\" data-element_type=\"widget\" data-e-type=\"widget\" data-widget_type=\"image.default\">\n\t\t\t\t\t\t\t\t\t\t\t\t\t\t\t<img fetchpriority=\"high\" decoding=\"async\" width=\"800\" height=\"534\" src=\"https:\/\/panier-dor.be\/wp-content\/uploads\/2025\/09\/panier-dor-2-1024x683.jpg\" class=\"attachment-large size-large wp-image-294\" alt=\"\" srcset=\"https:\/\/panier-dor.be\/wp-content\/uploads\/2025\/09\/panier-dor-2-1024x683.jpg 1024w, https:\/\/panier-dor.be\/wp-content\/uploads\/2025\/09\/panier-dor-2-300x200.jpg 300w, https:\/\/panier-dor.be\/wp-content\/uploads\/2025\/09\/panier-dor-2-768x512.jpg 768w, https:\/\/panier-dor.be\/wp-content\/uploads\/2025\/09\/panier-dor-2.jpg 1500w\" sizes=\"(max-width: 800px) 100vw, 800px\" \/>\t\t\t\t\t\t\t\t\t\t\t\t\t\t\t<\/div>\n\t\t\t\t<div class=\"elementor-element elementor-element-ddbec4e elementor-widget elementor-widget-image\" data-id=\"ddbec4e\" data-element_type=\"widget\" data-e-type=\"widget\" data-widget_type=\"image.default\">\n\t\t\t\t\t\t\t\t\t\t\t\t\t\t\t<img decoding=\"async\" width=\"800\" height=\"534\" src=\"https:\/\/panier-dor.be\/wp-content\/uploads\/2025\/09\/panier-dor-28-1024x683.jpg\" class=\"attachment-large size-large wp-image-292\" alt=\"\" srcset=\"https:\/\/panier-dor.be\/wp-content\/uploads\/2025\/09\/panier-dor-28-1024x683.jpg 1024w, https:\/\/panier-dor.be\/wp-content\/uploads\/2025\/09\/panier-dor-28-300x200.jpg 300w, https:\/\/panier-dor.be\/wp-content\/uploads\/2025\/09\/panier-dor-28-768x512.jpg 768w, https:\/\/panier-dor.be\/wp-content\/uploads\/2025\/09\/panier-dor-28-1536x1024.jpg 1536w, https:\/\/panier-dor.be\/wp-content\/uploads\/2025\/09\/panier-dor-28.jpg 1800w\" sizes=\"(max-width: 800px) 100vw, 800px\" \/>\t\t\t\t\t\t\t\t\t\t\t\t\t\t\t<\/div>\n\t\t\t\t<\/div>\n\t\t<div class=\"elementor-element elementor-element-77c6027 e-con-full e-flex elementor-invisible e-con e-child\" data-id=\"77c6027\" data-element_type=\"container\" data-e-type=\"container\" data-settings=\"{&quot;animation&quot;:&quot;fadeInUp&quot;}\">\n\t\t\t\t<div class=\"elementor-element elementor-element-49d1642 elementor-widget elementor-widget-heading\" data-id=\"49d1642\" data-element_type=\"widget\" data-e-type=\"widget\" data-widget_type=\"heading.default\">\n\t\t\t\t\t<h2 class=\"elementor-heading-title elementor-size-default\">Le Panier d\u2019Or <\/h2>\t\t\t\t<\/div>\n\t\t\t\t<div class=\"elementor-element elementor-element-b47f24a elementor-widget elementor-widget-heading\" data-id=\"b47f24a\" data-element_type=\"widget\" data-e-type=\"widget\" data-widget_type=\"heading.default\">\n\t\t\t\t\t<h2 class=\"elementor-heading-title elementor-size-default\">Bruges dans toute sa splendeur<\/h2>\t\t\t\t<\/div>\n\t\t\t\t<div class=\"elementor-element elementor-element-186956a elementor-widget-divider--view-line elementor-widget elementor-widget-divider\" data-id=\"186956a\" data-element_type=\"widget\" data-e-type=\"widget\" data-widget_type=\"divider.default\">\n\t\t\t\t\t\t\t<div class=\"elementor-divider\">\n\t\t\t<span class=\"elementor-divider-separator\">\n\t\t\t\t\t\t<\/span>\n\t\t<\/div>\n\t\t\t\t\t\t<\/div>\n\t\t\t\t<div class=\"elementor-element elementor-element-fa43de7 elementor-widget elementor-widget-text-editor\" data-id=\"fa43de7\" data-element_type=\"widget\" data-e-type=\"widget\" data-widget_type=\"text-editor.default\">\n\t\t\t\t\t\t\t\t\t<p>Au centre de la Grand-Place de Bruges se dresse Le Panier d\u2019Or, une maison du XVIIe si\u00e8cle reconnaissable \u00e0 sa fa\u00e7ade \u00e0 pignons rouges et blancs. Autrefois si\u00e8ge de la guilde des couvreurs de tuiles, le b\u00e2timent est aujourd\u2019hui un restaurant o\u00f9 le charme d\u2019antan rencontre l\u2019hospitalit\u00e9 contemporaine.<\/p>\n<p>\u00c0 l\u2019int\u00e9rieur, l\u2019ambiance est chaleureuse et authentique, avec des d\u00e9tails qui rappellent le riche pass\u00e9 du lieu. Les grandes salles confortables sont enti\u00e8rement climatis\u00e9es, id\u00e9ales en toute saison.<\/p>\n<p>D\u00e9jeuner l\u00e9ger, d\u00eener gastronomique ou simple verre : tout se vit ici avec la plus belle vue de Bruges. Depuis votre table, vous voyez passer les cal\u00e8ches, entendez le carillon du Beffroi et profitez de l\u2019atmosph\u00e8re brugeoise typique.<\/p>\n\t\t\t\t\t\t\t\t<\/div>\n\t\t\t\t<\/div>\n\t\t\t\t\t<\/div>\n\t\t\t\t<\/div>\n\t\t<div class=\"elementor-element elementor-element-0a2f7c4 e-flex e-con-boxed e-con e-parent\" data-id=\"0a2f7c4\" data-element_type=\"container\" data-e-type=\"container\" data-settings=\"{&quot;background_background&quot;:&quot;classic&quot;}\">\n\t\t\t\t\t<div class=\"e-con-inner\">\n\t\t<div class=\"elementor-element elementor-element-7e88ec0 e-con-full e-flex elementor-invisible e-con e-child\" data-id=\"7e88ec0\" data-element_type=\"container\" data-e-type=\"container\" data-settings=\"{&quot;animation&quot;:&quot;fadeInUp&quot;}\">\n\t\t\t\t<div class=\"elementor-element elementor-element-4c6e0c7 elementor-widget__width-initial elementor-widget elementor-widget-heading\" data-id=\"4c6e0c7\" data-element_type=\"widget\" data-e-type=\"widget\" data-widget_type=\"heading.default\">\n\t\t\t\t\t<h2 class=\"elementor-heading-title elementor-size-default\">Le Panier d\u2019Or est plus qu\u2019un restaurant :<\/h2>\t\t\t\t<\/div>\n\t\t\t\t<div class=\"elementor-element elementor-element-f13c0b2 elementor-widget__width-initial elementor-widget elementor-widget-text-editor\" data-id=\"f13c0b2\" data-element_type=\"widget\" data-e-type=\"widget\" data-widget_type=\"text-editor.default\">\n\t\t\t\t\t\t\t\t\t<p>c\u2019est un morceau de patrimoine brugeois, un monument historique et un d\u00e9cor unique pour savourer la ville.<\/p>\n\t\t\t\t\t\t\t\t<\/div>\n\t\t\t\t<div class=\"elementor-element elementor-element-32f7dc0 elementor-align-center elementor-widget elementor-widget-button\" data-id=\"32f7dc0\" data-element_type=\"widget\" data-e-type=\"widget\" data-widget_type=\"button.default\">\n\t\t\t\t\t\t\t\t\t\t<a class=\"elementor-button elementor-button-link elementor-size-sm\" href=\"https:\/\/panier-dor.be\/fr\/contact\/\">\n\t\t\t\t\t\t<span class=\"elementor-button-content-wrapper\">\n\t\t\t\t\t\t\t\t\t<span class=\"elementor-button-text\">Je veux r\u00e9server<\/span>\n\t\t\t\t\t<\/span>\n\t\t\t\t\t<\/a>\n\t\t\t\t\t\t\t\t<\/div>\n\t\t\t\t<\/div>\n\t\t\t\t\t<\/div>\n\t\t\t\t<\/div>\n\t\t\t\t<\/div>\n\t\t","protected":false},"excerpt":{"rendered":"<p>Le Panier d\u2019Or Bruges dans toute sa splendeur Au centre de la Grand-Place de Bruges se dresse Le Panier d\u2019Or, une maison du XVIIe si\u00e8cle reconnaissable \u00e0 sa fa\u00e7ade \u00e0 pignons rouges et blancs. Autrefois si\u00e8ge de la guilde des couvreurs de tuiles, le b\u00e2timent est aujourd\u2019hui un restaurant o\u00f9 le charme d\u2019antan rencontre l\u2019hospitalit\u00e9 [&hellip;]<\/p>\n","protected":false},"author":1,"featured_media":0,"parent":0,"menu_order":0,"comment_status":"closed","ping_status":"closed","template":"","meta":{"footnotes":""},"class_list":["post-305","page","type-page","status-publish","hentry"],"yoast_head":"<!-- This site is optimized with the Yoast SEO plugin v27.3 - https:\/\/yoast.com\/product\/yoast-seo-wordpress\/ -->\n<title>Histoire du Panier D&#039;Or | B\u00e2timent historique sur la place du march\u00e9 de Bruges<\/title>\n<meta name=\"description\" content=\"D\u00e9couvrez l&#039;histoire du Panier d&#039;Or, install\u00e9 dans une maison de guilde du 17e si\u00e8cle sur la Grand-Place de Bruges. Un restaurant unique o\u00f9 le charme s\u00e9culaire rencontre l&#039;hospitalit\u00e9 moderne.\" \/>\n<meta name=\"robots\" content=\"index, follow, max-snippet:-1, max-image-preview:large, max-video-preview:-1\" \/>\n<link rel=\"canonical\" href=\"https:\/\/panier-dor.be\/fr\/histoire\/\" \/>\n<meta property=\"og:locale\" content=\"fr_FR\" \/>\n<meta property=\"og:type\" content=\"article\" \/>\n<meta property=\"og:title\" content=\"Histoire du Panier D&#039;Or | B\u00e2timent historique sur la place du march\u00e9 de Bruges\" \/>\n<meta property=\"og:description\" content=\"D\u00e9couvrez l&#039;histoire du Panier d&#039;Or, install\u00e9 dans une maison de guilde du 17e si\u00e8cle sur la Grand-Place de Bruges. Un restaurant unique o\u00f9 le charme s\u00e9culaire rencontre l&#039;hospitalit\u00e9 moderne.\" \/>\n<meta property=\"og:url\" content=\"https:\/\/panier-dor.be\/fr\/histoire\/\" \/>\n<meta property=\"og:site_name\" content=\"Panier d&#039;or\" \/>\n<meta property=\"article:modified_time\" content=\"2025-09-25T05:25:56+00:00\" \/>\n<meta property=\"og:image\" content=\"https:\/\/panier-dor.be\/wp-content\/uploads\/2025\/09\/panier-dor-2.jpg\" \/>\n\t<meta property=\"og:image:width\" content=\"1500\" \/>\n\t<meta property=\"og:image:height\" content=\"1000\" \/>\n\t<meta property=\"og:image:type\" content=\"image\/jpeg\" \/>\n<meta name=\"twitter:card\" content=\"summary_large_image\" \/>\n<meta name=\"twitter:label1\" content=\"Dur\u00e9e de lecture est.\" \/>\n\t<meta name=\"twitter:data1\" content=\"1 minute\" \/>\n<script type=\"application\/ld+json\" class=\"yoast-schema-graph\">{\"@context\":\"https:\\\/\\\/schema.org\",\"@graph\":[{\"@type\":\"WebPage\",\"@id\":\"https:\\\/\\\/panier-dor.be\\\/fr\\\/histoire\\\/\",\"url\":\"https:\\\/\\\/panier-dor.be\\\/fr\\\/histoire\\\/\",\"name\":\"Histoire du Panier D'Or | B\u00e2timent historique sur la place du march\u00e9 de Bruges\",\"isPartOf\":{\"@id\":\"https:\\\/\\\/panier-dor.be\\\/fr\\\/#website\"},\"primaryImageOfPage\":{\"@id\":\"https:\\\/\\\/panier-dor.be\\\/fr\\\/histoire\\\/#primaryimage\"},\"image\":{\"@id\":\"https:\\\/\\\/panier-dor.be\\\/fr\\\/histoire\\\/#primaryimage\"},\"thumbnailUrl\":\"https:\\\/\\\/panier-dor.be\\\/wp-content\\\/uploads\\\/2025\\\/09\\\/panier-dor-2-1024x683.jpg\",\"datePublished\":\"2025-09-04T06:06:44+00:00\",\"dateModified\":\"2025-09-25T05:25:56+00:00\",\"description\":\"D\u00e9couvrez l'histoire du Panier d'Or, install\u00e9 dans une maison de guilde du 17e si\u00e8cle sur la Grand-Place de Bruges. Un restaurant unique o\u00f9 le charme s\u00e9culaire rencontre l'hospitalit\u00e9 moderne.\",\"breadcrumb\":{\"@id\":\"https:\\\/\\\/panier-dor.be\\\/fr\\\/histoire\\\/#breadcrumb\"},\"inLanguage\":\"fr-BE\",\"potentialAction\":[{\"@type\":\"ReadAction\",\"target\":[\"https:\\\/\\\/panier-dor.be\\\/fr\\\/histoire\\\/\"]}]},{\"@type\":\"ImageObject\",\"inLanguage\":\"fr-BE\",\"@id\":\"https:\\\/\\\/panier-dor.be\\\/fr\\\/histoire\\\/#primaryimage\",\"url\":\"https:\\\/\\\/panier-dor.be\\\/wp-content\\\/uploads\\\/2025\\\/09\\\/panier-dor-2-1024x683.jpg\",\"contentUrl\":\"https:\\\/\\\/panier-dor.be\\\/wp-content\\\/uploads\\\/2025\\\/09\\\/panier-dor-2-1024x683.jpg\"},{\"@type\":\"BreadcrumbList\",\"@id\":\"https:\\\/\\\/panier-dor.be\\\/fr\\\/histoire\\\/#breadcrumb\",\"itemListElement\":[{\"@type\":\"ListItem\",\"position\":1,\"name\":\"Home\",\"item\":\"https:\\\/\\\/panier-dor.be\\\/fr\\\/\"},{\"@type\":\"ListItem\",\"position\":2,\"name\":\"Histoire\"}]},{\"@type\":\"WebSite\",\"@id\":\"https:\\\/\\\/panier-dor.be\\\/fr\\\/#website\",\"url\":\"https:\\\/\\\/panier-dor.be\\\/fr\\\/\",\"name\":\"Le Panier D'Or\",\"description\":\"\",\"publisher\":{\"@id\":\"https:\\\/\\\/panier-dor.be\\\/fr\\\/#organization\"},\"potentialAction\":[{\"@type\":\"SearchAction\",\"target\":{\"@type\":\"EntryPoint\",\"urlTemplate\":\"https:\\\/\\\/panier-dor.be\\\/fr\\\/?s={search_term_string}\"},\"query-input\":{\"@type\":\"PropertyValueSpecification\",\"valueRequired\":true,\"valueName\":\"search_term_string\"}}],\"inLanguage\":\"fr-BE\"},{\"@type\":\"Organization\",\"@id\":\"https:\\\/\\\/panier-dor.be\\\/fr\\\/#organization\",\"name\":\"Le Panier D'Or\",\"url\":\"https:\\\/\\\/panier-dor.be\\\/fr\\\/\",\"logo\":{\"@type\":\"ImageObject\",\"inLanguage\":\"fr-BE\",\"@id\":\"https:\\\/\\\/panier-dor.be\\\/fr\\\/#\\\/schema\\\/logo\\\/image\\\/\",\"url\":\"https:\\\/\\\/panier-dor.be\\\/wp-content\\\/uploads\\\/2025\\\/09\\\/logo.png\",\"contentUrl\":\"https:\\\/\\\/panier-dor.be\\\/wp-content\\\/uploads\\\/2025\\\/09\\\/logo.png\",\"width\":400,\"height\":106,\"caption\":\"Le Panier D'Or\"},\"image\":{\"@id\":\"https:\\\/\\\/panier-dor.be\\\/fr\\\/#\\\/schema\\\/logo\\\/image\\\/\"}}]}<\/script>\n<!-- \/ Yoast SEO plugin. -->","yoast_head_json":{"title":"Histoire du Panier D'Or | B\u00e2timent historique sur la place du march\u00e9 de Bruges","description":"D\u00e9couvrez l'histoire du Panier d'Or, install\u00e9 dans une maison de guilde du 17e si\u00e8cle sur la Grand-Place de Bruges. Un restaurant unique o\u00f9 le charme s\u00e9culaire rencontre l'hospitalit\u00e9 moderne.","robots":{"index":"index","follow":"follow","max-snippet":"max-snippet:-1","max-image-preview":"max-image-preview:large","max-video-preview":"max-video-preview:-1"},"canonical":"https:\/\/panier-dor.be\/fr\/histoire\/","og_locale":"fr_FR","og_type":"article","og_title":"Histoire du Panier D'Or | B\u00e2timent historique sur la place du march\u00e9 de Bruges","og_description":"D\u00e9couvrez l'histoire du Panier d'Or, install\u00e9 dans une maison de guilde du 17e si\u00e8cle sur la Grand-Place de Bruges. Un restaurant unique o\u00f9 le charme s\u00e9culaire rencontre l'hospitalit\u00e9 moderne.","og_url":"https:\/\/panier-dor.be\/fr\/histoire\/","og_site_name":"Panier d&#039;or","article_modified_time":"2025-09-25T05:25:56+00:00","og_image":[{"width":1500,"height":1000,"url":"https:\/\/panier-dor.be\/wp-content\/uploads\/2025\/09\/panier-dor-2.jpg","type":"image\/jpeg"}],"twitter_card":"summary_large_image","twitter_misc":{"Dur\u00e9e de lecture est.":"1 minute"},"schema":{"@context":"https:\/\/schema.org","@graph":[{"@type":"WebPage","@id":"https:\/\/panier-dor.be\/fr\/histoire\/","url":"https:\/\/panier-dor.be\/fr\/histoire\/","name":"Histoire du Panier D'Or | B\u00e2timent historique sur la place du march\u00e9 de Bruges","isPartOf":{"@id":"https:\/\/panier-dor.be\/fr\/#website"},"primaryImageOfPage":{"@id":"https:\/\/panier-dor.be\/fr\/histoire\/#primaryimage"},"image":{"@id":"https:\/\/panier-dor.be\/fr\/histoire\/#primaryimage"},"thumbnailUrl":"https:\/\/panier-dor.be\/wp-content\/uploads\/2025\/09\/panier-dor-2-1024x683.jpg","datePublished":"2025-09-04T06:06:44+00:00","dateModified":"2025-09-25T05:25:56+00:00","description":"D\u00e9couvrez l'histoire du Panier d'Or, install\u00e9 dans une maison de guilde du 17e si\u00e8cle sur la Grand-Place de Bruges. Un restaurant unique o\u00f9 le charme s\u00e9culaire rencontre l'hospitalit\u00e9 moderne.","breadcrumb":{"@id":"https:\/\/panier-dor.be\/fr\/histoire\/#breadcrumb"},"inLanguage":"fr-BE","potentialAction":[{"@type":"ReadAction","target":["https:\/\/panier-dor.be\/fr\/histoire\/"]}]},{"@type":"ImageObject","inLanguage":"fr-BE","@id":"https:\/\/panier-dor.be\/fr\/histoire\/#primaryimage","url":"https:\/\/panier-dor.be\/wp-content\/uploads\/2025\/09\/panier-dor-2-1024x683.jpg","contentUrl":"https:\/\/panier-dor.be\/wp-content\/uploads\/2025\/09\/panier-dor-2-1024x683.jpg"},{"@type":"BreadcrumbList","@id":"https:\/\/panier-dor.be\/fr\/histoire\/#breadcrumb","itemListElement":[{"@type":"ListItem","position":1,"name":"Home","item":"https:\/\/panier-dor.be\/fr\/"},{"@type":"ListItem","position":2,"name":"Histoire"}]},{"@type":"WebSite","@id":"https:\/\/panier-dor.be\/fr\/#website","url":"https:\/\/panier-dor.be\/fr\/","name":"Le Panier D'Or","description":"","publisher":{"@id":"https:\/\/panier-dor.be\/fr\/#organization"},"potentialAction":[{"@type":"SearchAction","target":{"@type":"EntryPoint","urlTemplate":"https:\/\/panier-dor.be\/fr\/?s={search_term_string}"},"query-input":{"@type":"PropertyValueSpecification","valueRequired":true,"valueName":"search_term_string"}}],"inLanguage":"fr-BE"},{"@type":"Organization","@id":"https:\/\/panier-dor.be\/fr\/#organization","name":"Le Panier D'Or","url":"https:\/\/panier-dor.be\/fr\/","logo":{"@type":"ImageObject","inLanguage":"fr-BE","@id":"https:\/\/panier-dor.be\/fr\/#\/schema\/logo\/image\/","url":"https:\/\/panier-dor.be\/wp-content\/uploads\/2025\/09\/logo.png","contentUrl":"https:\/\/panier-dor.be\/wp-content\/uploads\/2025\/09\/logo.png","width":400,"height":106,"caption":"Le Panier D'Or"},"image":{"@id":"https:\/\/panier-dor.be\/fr\/#\/schema\/logo\/image\/"}}]}},"_links":{"self":[{"href":"https:\/\/panier-dor.be\/fr\/wp-json\/wp\/v2\/pages\/305","targetHints":{"allow":["GET"]}}],"collection":[{"href":"https:\/\/panier-dor.be\/fr\/wp-json\/wp\/v2\/pages"}],"about":[{"href":"https:\/\/panier-dor.be\/fr\/wp-json\/wp\/v2\/types\/page"}],"author":[{"embeddable":true,"href":"https:\/\/panier-dor.be\/fr\/wp-json\/wp\/v2\/users\/1"}],"replies":[{"embeddable":true,"href":"https:\/\/panier-dor.be\/fr\/wp-json\/wp\/v2\/comments?post=305"}],"version-history":[{"count":4,"href":"https:\/\/panier-dor.be\/fr\/wp-json\/wp\/v2\/pages\/305\/revisions"}],"predecessor-version":[{"id":415,"href":"https:\/\/panier-dor.be\/fr\/wp-json\/wp\/v2\/pages\/305\/revisions\/415"}],"wp:attachment":[{"href":"https:\/\/panier-dor.be\/fr\/wp-json\/wp\/v2\/media?parent=305"}],"curies":[{"name":"wp","href":"https:\/\/api.w.org\/{rel}","templated":true}]}}